{"id":108,"date":"2025-07-27T22:10:21","date_gmt":"2025-07-27T22:10:21","guid":{"rendered":"https:\/\/argentumseguridad.com.ar\/home\/?page_id=108"},"modified":"2025-08-08T14:22:20","modified_gmt":"2025-08-08T14:22:20","slug":"108-2","status":"publish","type":"page","link":"https:\/\/argentumseguridad.com.ar\/home\/home\/108-2\/","title":{"rendered":"Sobre Nosotros"},"content":{"rendered":"<p>[et_pb_section fb_built=\u00bb1&#8243; admin_label=\u00bbHeader\u00bb _builder_version=\u00bb4.23.1&#8243; _module_preset=\u00bbdefault\u00bb background_color=\u00bbgcid-a93f2103-1d8b-43bb-b21d-81d84bba8b15&#8243; collapsed=\u00bboff\u00bb global_colors_info=\u00bb{%22gcid-a93f2103-1d8b-43bb-b21d-81d84bba8b15%22:%91%22background_color%22%93}\u00bb][et_pb_row _builder_version=\u00bb4.23.1&#8243; _module_preset=\u00bbdefault\u00bb background_color=\u00bb#fbedb9&#8243; custom_padding=\u00bb1vw||1vw||false|false\u00bb animation_style=\u00bbfade\u00bb box_shadow_style=\u00bbpreset4&#8243; global_colors_info=\u00bb{}\u00bb][et_pb_column type=\u00bb4_4&#8243; _builder_version=\u00bb4.23.1&#8243; _module_preset=\u00bbdefault\u00bb global_colors_info=\u00bb{}\u00bb][et_pb_menu menu_style=\u00bbcentered\u00bb active_link_color=\u00bb#345860&#8243; logo_width=\u00bb90%\u00bb _builder_version=\u00bb4.23.1&#8243; _module_preset=\u00bbdefault\u00bb menu_font=\u00bbUbuntu|700||on|||||\u00bb menu_font_size=\u00bb18px\u00bb menu_letter_spacing=\u00bb2px\u00bb module_alignment=\u00bbcenter\u00bb custom_margin=\u00bb|20px||20px|false|false\u00bb custom_padding=\u00bb|10px||10px|false|false\u00bb border_radii=\u00bbon|20px|20px|20px|20px\u00bb global_colors_info=\u00bb{}\u00bb][\/et_pb_menu][\/et_pb_column][\/et_pb_row][et_pb_row _builder_version=\u00bb4.24.0&#8243; _module_preset=\u00bbdefault\u00bb max_width=\u00bb1800px\u00bb global_colors_info=\u00bb{}\u00bb][et_pb_column type=\u00bb4_4&#8243; _builder_version=\u00bb4.22.0&#8243; _module_preset=\u00bbdefault\u00bb global_colors_info=\u00bb{}\u00bb][et_pb_image src=\u00bbhttps:\/\/argentumseguridad.com.ar\/wp-content\/uploads\/2025\/07\/LOGO-1250-ARGETUM.png\u00bb title_text=\u00bbLOGO 1250 ARGETUM\u00bb align=\u00bbcenter\u00bb _builder_version=\u00bb4.23.1&#8243; _module_preset=\u00bbdefault\u00bb width=\u00bb15%\u00bb animation_style=\u00bbfade\u00bb global_colors_info=\u00bb{}\u00bb][\/et_pb_image][et_pb_text _builder_version=\u00bb4.23.1&#8243; _module_preset=\u00bb31be22e9-4c3d-499b-8864-22c1187b0bb8&#8243; text_orientation=\u00bbcenter\u00bb global_colors_info=\u00bb{}\u00bb]<\/p>\n<h1>Sobre Argentum Security Consulting<\/h1>\n<p>[\/et_pb_text][et_pb_text _builder_version=\u00bb4.23.1&#8243; _module_preset=\u00bbdefault\u00bb text_text_color=\u00bb#FFFFFF\u00bb custom_padding=\u00bb||5px|||\u00bb global_colors_info=\u00bb{}\u00bb]<\/p>\n<h2 style=\"text-align: center;\"><span style=\"color: #ffffff;\">30 a\u00f1os de experiencia en seguridad patrimonial y gesti\u00f3n de riesgos<\/span><\/h2>\n<p>[\/et_pb_text][\/et_pb_column][\/et_pb_row][et_pb_row column_structure=\u00bb1_2,1_2&#8243; _builder_version=\u00bb4.22.0&#8243; _module_preset=\u00bbdefault\u00bb max_width=\u00bb1800px\u00bb global_colors_info=\u00bb{}\u00bb][et_pb_column type=\u00bb1_2&#8243; _builder_version=\u00bb4.22.0&#8243; _module_preset=\u00bbdefault\u00bb global_colors_info=\u00bb{}\u00bb][et_pb_image src=\u00bbhttps:\/\/argentumseguridad.com.ar\/wp-content\/uploads\/2025\/07\/A-professional-image.png\u00bb title_text=\u00bbA professional image\u00bb _builder_version=\u00bb4.23.1&#8243; _module_preset=\u00bbdefault\u00bb custom_padding=\u00bb||0px|||\u00bb border_radii=\u00bbon|30px|30px|30px|30px\u00bb global_colors_info=\u00bb{}\u00bb][\/et_pb_image][\/et_pb_column][et_pb_column type=\u00bb1_2&#8243; _builder_version=\u00bb4.22.0&#8243; _module_preset=\u00bbdefault\u00bb global_colors_info=\u00bb{}\u00bb][et_pb_text _builder_version=\u00bb4.23.1&#8243; _module_preset=\u00bb4fa52167-5d60-4ff4-89b7-6405c53560b4&#8243; global_colors_info=\u00bb{}\u00bb]<\/p>\n<p style=\"text-align: justify;\"><!--StartFragment --><\/p>\n<h3 style=\"text-align: justify;\"><span style=\"color: #ffffff;\"><strong>\u00bfQu\u00e9 hacemos?<\/strong><\/span><\/h3>\n<p><span style=\"color: #ffffff;\"><strong><\/strong><\/span><\/p>\n<p style=\"text-align: justify;\"><span style=\"color: #000000;\">Nos ocupamos de implementar contramedidas f\u00edsicas y electr\u00f3nicas adaptadas a cada desaf\u00edo en lo referente a seguridad patrimonial.<\/span><\/p>\n<ul style=\"text-align: justify;\">\n<li><span style=\"color: #000000;\">Realizamos diagn\u00f3sticos puntuales para detectar puntos d\u00e9biles en instalaciones y procesos.<\/span><\/li>\n<li><span style=\"color: #000000;\">Dise\u00f1amos proyectos a medida que minimizan p\u00e9rdidas de activos tanto tangibles como intangibles.<\/span><\/li>\n<\/ul>\n<h4 style=\"text-align: justify;\"><span style=\"color: #ffffff;\"><strong>Nuestra trayectoria y est\u00e1ndares<\/strong><\/span><\/h4>\n<p style=\"text-align: justify;\"><span style=\"color: #000000;\">Con m\u00e1s de 30 a\u00f1os de experiencia en los \u00e1mbitos estatal y privado, acompa\u00f1amos a nuestros clientes en cada etapa: desde la evaluaci\u00f3n inicial hasta la implementaci\u00f3n y el seguimiento.<\/span><\/p>\n<p style=\"text-align: justify;\"><span style=\"color: #000000;\">Cumplimos con los est\u00e1ndares internacionales de ASIS y API, asegurando procesos certificados, auditor\u00edas peri\u00f3dicas y mejora continua para brindarles confianza y tranquilidad a quienes conf\u00edan en nosotros.<\/span><\/p>\n<p style=\"text-align: justify;\"><!--EndFragment --><\/p>\n<p>[\/et_pb_text][\/et_pb_column][\/et_pb_row][\/et_pb_section][et_pb_section fb_built=\u00bb1&#8243; admin_label=\u00bbMission\u00bb _builder_version=\u00bb4.22.0&#8243; _module_preset=\u00bbdefault\u00bb collapsed=\u00bboff\u00bb global_colors_info=\u00bb{}\u00bb][et_pb_row column_structure=\u00bb3_5,2_5&#8243; _builder_version=\u00bb4.24.0&#8243; _module_preset=\u00bbdefault\u00bb max_width=\u00bb1800px\u00bb collapsed=\u00bbon\u00bb global_colors_info=\u00bb{}\u00bb][et_pb_column type=\u00bb3_5&#8243; _builder_version=\u00bb4.24.0&#8243; _module_preset=\u00bbdefault\u00bb custom_padding=\u00bb|15%|||false|false\u00bb custom_padding_tablet=\u00bb|0%|||false|false\u00bb custom_padding_phone=\u00bb\u00bb custom_padding_last_edited=\u00bbon|tablet\u00bb global_colors_info=\u00bb{}\u00bb][et_pb_text _builder_version=\u00bb4.23.1&#8243; _module_preset=\u00bbcc0e0abc-3db8-4710-bd5f-9794f2053438&#8243; custom_margin=\u00bb||10px||false|false\u00bb global_colors_info=\u00bb{}\u00bb]<\/p>\n<h2>Nuestra Misi\u00f3n<\/h2>\n<p>[\/et_pb_text][et_pb_text _builder_version=\u00bb4.23.1&#8243; _module_preset=\u00bb4fa52167-5d60-4ff4-89b7-6405c53560b4&#8243; custom_padding=\u00bb||0px|||\u00bb global_colors_info=\u00bb{}\u00bb]<\/p>\n<p style=\"text-align: justify;\">Brindar soluciones integrales y personalizadas en seguridad patrimonial, orientadas a proteger los objetivos de nuestros clientes a trav\u00e9s de un enfoque profesional, proactivo y \u00e9tico. Nos apoyamos en tecnolog\u00eda de vanguardia, metodolog\u00edas probadas y un equipo humano altamente capacitado, para ofrecer un servicio confiable, eficiente y adaptable a los desaf\u00edos de cada entorno.\u00a0<\/p>\n<p style=\"text-align: justify;\">Asumimos un firme compromiso con la excelencia operativa, la mejora continua y la construcci\u00f3n de relaciones duraderas basadas en la confianza, la transparencia y los resultados.<\/p>\n<p>[\/et_pb_text][et_pb_button button_url=\u00bbhttps:\/\/wa.me\/542996355462&#8243; url_new_window=\u00bbon\u00bb button_text=\u00bbCont\u00e1ctanos \u00bb _builder_version=\u00bb4.23.1&#8243; _module_preset=\u00bb0b31991d-2c1d-498d-a970-36dfe4c28fcb\u00bb global_colors_info=\u00bb{}\u00bb][\/et_pb_button][\/et_pb_column][et_pb_column type=\u00bb2_5&#8243; _builder_version=\u00bb4.22.0&#8243; _module_preset=\u00bbdefault\u00bb global_colors_info=\u00bb{}\u00bb][et_pb_image src=\u00bbhttps:\/\/argentumseguridad.com.ar\/wp-content\/uploads\/2025\/07\/Mision.png\u00bb title_text=\u00bbMision\u00bb _builder_version=\u00bb4.23.1&#8243; _module_preset=\u00bbdefault\u00bb width=\u00bb85%\u00bb custom_margin=\u00bb||||false|false\u00bb border_radii=\u00bbon|30px|30px|30px|30px\u00bb locked=\u00bboff\u00bb global_colors_info=\u00bb{}\u00bb][\/et_pb_image][\/et_pb_column][\/et_pb_row][\/et_pb_section][et_pb_section fb_built=\u00bb1&#8243; admin_label=\u00bbMission\u00bb _builder_version=\u00bb4.23.1&#8243; _module_preset=\u00bbdefault\u00bb custom_padding=\u00bb1px|||||\u00bb collapsed=\u00bboff\u00bb global_colors_info=\u00bb{}\u00bb][et_pb_row column_structure=\u00bb3_5,2_5&#8243; _builder_version=\u00bb4.24.0&#8243; _module_preset=\u00bbdefault\u00bb max_width=\u00bb1800px\u00bb collapsed=\u00bboff\u00bb global_colors_info=\u00bb{}\u00bb][et_pb_column type=\u00bb3_5&#8243; _builder_version=\u00bb4.24.0&#8243; _module_preset=\u00bbdefault\u00bb custom_padding=\u00bb|15%|||false|false\u00bb custom_padding_tablet=\u00bb|0%|||false|false\u00bb custom_padding_phone=\u00bb\u00bb custom_padding_last_edited=\u00bbon|tablet\u00bb global_colors_info=\u00bb{}\u00bb][et_pb_image src=\u00bbhttps:\/\/argentumseguridad.com.ar\/wp-content\/uploads\/2025\/07\/Vision.png\u00bb title_text=\u00bbVision\u00bb _builder_version=\u00bb4.23.1&#8243; _module_preset=\u00bbdefault\u00bb width=\u00bb85%\u00bb custom_margin=\u00bb||||false|false\u00bb border_radii=\u00bbon|30px|30px|30px|30px\u00bb locked=\u00bboff\u00bb global_colors_info=\u00bb{}\u00bb][\/et_pb_image][\/et_pb_column][et_pb_column type=\u00bb2_5&#8243; _builder_version=\u00bb4.22.0&#8243; _module_preset=\u00bbdefault\u00bb global_colors_info=\u00bb{}\u00bb][et_pb_text _builder_version=\u00bb4.22.0&#8243; _module_preset=\u00bbcc0e0abc-3db8-4710-bd5f-9794f2053438&#8243; custom_margin=\u00bb||10px||false|false\u00bb global_colors_info=\u00bb{}\u00bb]<\/p>\n<h2>Nuestra Visi\u00f3n<\/h2>\n<p>[\/et_pb_text][et_pb_text _builder_version=\u00bb4.23.1&#8243; _module_preset=\u00bb4fa52167-5d60-4ff4-89b7-6405c53560b4&#8243; global_colors_info=\u00bb{}\u00bb]<\/p>\n<p style=\"text-align: justify;\">Ser referentes en seguridad patrimonial y en la gesti\u00f3n de calidad en toda la regi\u00f3n, distingui\u00e9ndonos por nuestra capacidad de respuesta, confiabilidad y compromiso con la mejora continua.<\/p>\n<p style=\"text-align: justify;\">Aspiramos a consolidar nuestra posici\u00f3n mediante el desarrollo de soluciones integrales, tecnol\u00f3gicamente actualizadas y adaptadas a las necesidades de cada cliente, promoviendo una cultura de prevenci\u00f3n, transparencia y excelencia operativa.<\/p>\n<p>[\/et_pb_text][et_pb_button button_url=\u00bbhttps:\/\/wa.me\/542996355462&#8243; url_new_window=\u00bbon\u00bb button_text=\u00bbCont\u00e1ctanos \u00bb _builder_version=\u00bb4.23.1&#8243; _module_preset=\u00bb0b31991d-2c1d-498d-a970-36dfe4c28fcb\u00bb global_colors_info=\u00bb{}\u00bb][\/et_pb_button][\/et_pb_column][\/et_pb_row][\/et_pb_section][et_pb_section fb_built=\u00bb1&#8243; custom_padding_last_edited=\u00bbon|phone\u00bb admin_label=\u00bbFooter\u00bb _builder_version=\u00bb4.23.1&#8243; use_background_color_gradient=\u00bbon\u00bb background_color_gradient_stops=\u00bb#ffffff 0%|#6ca495 0%\u00bb custom_margin=\u00bb82px||||false|false\u00bb custom_margin_tablet=\u00bb\u00bb custom_margin_phone=\u00bb0px||||false|false\u00bb custom_margin_last_edited=\u00bbon|phone\u00bb custom_padding=\u00bb1px||0px||false|false\u00bb custom_padding_tablet=\u00bb\u00bb custom_padding_phone=\u00bb48px||48px||true|false\u00bb saved_tabs=\u00bball\u00bb locked=\u00bboff\u00bb global_colors_info=\u00bb{}\u00bb][et_pb_row column_structure=\u00bb1_4,1_4,1_2&#8243; custom_padding_last_edited=\u00bbon|phone\u00bb _builder_version=\u00bb4.23.1&#8243; use_background_color_gradient=\u00bbon\u00bb background_color_gradient_direction=\u00bb135deg\u00bb background_color_gradient_stops=\u00bbrgba(23,0,190,0) 36%|#000000 36%\u00bb background_color_gradient_start=\u00bbrgba(23,0,190,0)\u00bb background_color_gradient_start_position=\u00bb36%\u00bb background_color_gradient_end=\u00bb#1700be\u00bb background_color_gradient_end_position=\u00bb0%\u00bb background_enable_image=\u00bboff\u00bb custom_margin=\u00bb-80px||||false|false\u00bb custom_margin_tablet=\u00bb\u00bb custom_margin_phone=\u00bb0px||||false|false\u00bb custom_margin_last_edited=\u00bbon|phone\u00bb custom_padding=\u00bb160px||50px||false|false\u00bb custom_padding_tablet=\u00bb||||false|false\u00bb custom_padding_phone=\u00bb0px||||false|false\u00bb background_last_edited=\u00bbon|phone\u00bb use_background_color_gradient_phone=\u00bboff\u00bb border_color_all=\u00bb#000000&#8243; box_shadow_style=\u00bbpreset4&#8243; box_shadow_horizontal=\u00bb30vw\u00bb box_shadow_vertical=\u00bb0px\u00bb box_shadow_color=\u00bb#000000&#8243; box_shadow_horizontal_tablet=\u00bb\u00bb box_shadow_horizontal_phone=\u00bb0vw\u00bb box_shadow_horizontal_last_edited=\u00bbon|phone\u00bb global_colors_info=\u00bb{}\u00bb][et_pb_column type=\u00bb1_4&#8243; _builder_version=\u00bb4.16&#8243; global_colors_info=\u00bb{}\u00bb][et_pb_text _builder_version=\u00bb4.23.1&#8243; header_3_font=\u00bbKanit|700|||||||\u00bb header_3_font_size=\u00bb24px\u00bb header_3_line_height=\u00bb1.4em\u00bb background_layout=\u00bbdark\u00bb global_colors_info=\u00bb{}\u00bb]<\/p>\n<h3>Contacto<\/h3>\n<p>[\/et_pb_text][et_pb_blurb use_icon=\u00bbon\u00bb font_icon=\u00bb&#xe081;||divi||400&#8243; icon_color=\u00bb#ffffff\u00bb icon_placement=\u00bbleft\u00bb image_icon_width=\u00bb16px\u00bb content_max_width=\u00bb100%\u00bb _builder_version=\u00bb4.23.1&#8243; body_line_height=\u00bb1.2em\u00bb background_layout=\u00bbdark\u00bb animation=\u00bboff\u00bb hover_enabled=\u00bb0&#8243; icon_font_size=\u00bb16px\u00bb global_colors_info=\u00bb{}\u00bb sticky_enabled=\u00bb0&#8243;]<\/p>\n<p>San Mart\u00edn 195, Piso 12 Oficina 1, Ciudad de Neuqu\u00e9n, Argentina<\/p>\n<p>[\/et_pb_blurb][et_pb_blurb use_icon=\u00bbon\u00bb font_icon=\u00bb&#xe090;||divi||400&#8243; icon_color=\u00bb#ffffff\u00bb icon_placement=\u00bbleft\u00bb image_icon_width=\u00bb16px\u00bb content_max_width=\u00bb100%\u00bb _builder_version=\u00bb4.23.1&#8243; body_line_height=\u00bb1.2em\u00bb background_layout=\u00bbdark\u00bb animation=\u00bboff\u00bb link_option_url=\u00bb#\u00bb icon_font_size=\u00bb16px\u00bb global_colors_info=\u00bb{}\u00bb]<\/p>\n<p><span style=\"color: #ffffff;\"><a href=\"#\" target=\"_blank\" rel=\"noopener\" style=\"color: #ffffff;\">299 635-5462<\/a><\/span><\/p>\n<p>[\/et_pb_blurb][et_pb_blurb use_icon=\u00bbon\u00bb font_icon=\u00bb&#xe076;||divi||400&#8243; icon_color=\u00bb#ffffff\u00bb icon_placement=\u00bbleft\u00bb image_icon_width=\u00bb16px\u00bb content_max_width=\u00bb100%\u00bb _builder_version=\u00bb4.23.1&#8243; body_line_height=\u00bb1.2em\u00bb background_layout=\u00bbdark\u00bb animation=\u00bboff\u00bb link_option_url=\u00bb#\u00bb icon_font_size=\u00bb16px\u00bb global_colors_info=\u00bb{}\u00bb]<\/p>\n<p>consultas@argentumseguridad.com.ar<\/p>\n<p>[\/et_pb_blurb][\/et_pb_column][et_pb_column type=\u00bb1_4&#8243; _builder_version=\u00bb4.16&#8243; global_colors_info=\u00bb{}\u00bb][\/et_pb_column][et_pb_column type=\u00bb1_2&#8243; _builder_version=\u00bb4.16&#8243; global_colors_info=\u00bb{}\u00bb][et_pb_code _builder_version=\u00bb4.23.1&#8243; _module_preset=\u00bbdefault\u00bb global_colors_info=\u00bb{}\u00bb theme_builder_area=\u00bbpost_content\u00bb]<iframe src=\"https:\/\/www.google.com\/maps\/embed?pb=!1m18!1m12!1m3!1d1551.325906679614!2d-68.06321556143611!3d-38.95478210712678!2m3!1f0!2f0!3f0!3m2!1i1024!2i768!4f13.1!3m3!1m2!1s0x960a33cddae4dbf9%3A0x3797b4c2c0ac75c5!2sSan%20Mart%C3%ADn%20195%2C%20Q8302%20Neuqu%C3%A9n!5e0!3m2!1ses!2sar!4v1754590794870!5m2!1ses!2sar\" width=\"600\" height=\"300\" style=\"border:0;\" allowfullscreen=\"\" loading=\"lazy\" referrerpolicy=\"no-referrer-when-downgrade\"><\/iframe>[\/et_pb_code][\/et_pb_column][\/et_pb_row][\/et_pb_section]<\/p>\n","protected":false},"excerpt":{"rendered":"<p>Sobre Argentum Security Consulting30 a\u00f1os de experiencia en seguridad patrimonial y gesti\u00f3n de riesgos \u00bfQu\u00e9 hacemos? Nos ocupamos de implementar contramedidas f\u00edsicas y electr\u00f3nicas adaptadas a cada desaf\u00edo en lo referente a seguridad patrimonial. Realizamos diagn\u00f3sticos puntuales para detectar puntos d\u00e9biles en instalaciones y procesos. Dise\u00f1amos proyectos a medida que minimizan p\u00e9rdidas de activos tanto [&hellip;]<\/p>\n","protected":false},"author":2,"featured_media":0,"parent":8,"menu_order":0,"comment_status":"closed","ping_status":"closed","template":"page-template-blank.php","meta":{"_et_pb_use_builder":"on","_et_pb_old_content":"","_et_gb_content_width":"","footnotes":""},"class_list":["post-108","page","type-page","status-publish","hentry"],"_links":{"self":[{"href":"https:\/\/argentumseguridad.com.ar\/home\/wp-json\/wp\/v2\/pages\/108","targetHints":{"allow":["GET"]}}],"collection":[{"href":"https:\/\/argentumseguridad.com.ar\/home\/wp-json\/wp\/v2\/pages"}],"about":[{"href":"https:\/\/argentumseguridad.com.ar\/home\/wp-json\/wp\/v2\/types\/page"}],"author":[{"embeddable":true,"href":"https:\/\/argentumseguridad.com.ar\/home\/wp-json\/wp\/v2\/users\/2"}],"replies":[{"embeddable":true,"href":"https:\/\/argentumseguridad.com.ar\/home\/wp-json\/wp\/v2\/comments?post=108"}],"version-history":[{"count":15,"href":"https:\/\/argentumseguridad.com.ar\/home\/wp-json\/wp\/v2\/pages\/108\/revisions"}],"predecessor-version":[{"id":206,"href":"https:\/\/argentumseguridad.com.ar\/home\/wp-json\/wp\/v2\/pages\/108\/revisions\/206"}],"up":[{"embeddable":true,"href":"https:\/\/argentumseguridad.com.ar\/home\/wp-json\/wp\/v2\/pages\/8"}],"wp:attachment":[{"href":"https:\/\/argentumseguridad.com.ar\/home\/wp-json\/wp\/v2\/media?parent=108"}],"curies":[{"name":"wp","href":"https:\/\/api.w.org\/{rel}","templated":true}]}}